{"id":25435,"date":"2020-02-11T14:10:05","date_gmt":"2020-02-11T13:10:05","guid":{"rendered":"https:\/\/aptpolfil.pl\/?page_id=25435"},"modified":"2020-02-19T11:18:56","modified_gmt":"2020-02-19T10:18:56","slug":"kontakt","status":"publish","type":"page","link":"https:\/\/aptpolfil.pl\/en\/kontakt\/","title":{"rendered":"Contact"},"content":{"rendered":"<div data-elementor-type=\"wp-page\" data-elementor-id=\"25435\" class=\"elementor elementor-25435\" data-elementor-settings=\"[]\">\n\t\t\t<div class=\"elementor-inner\">\n\t\t\t\t<div class=\"elementor-section-wrap\">\n\t\t\t\t\t\t\t<section class=\"elementor-element elementor-element-20e4a63 elementor-section-stretched elementor-section-boxed elementor-section-height-default elementor-section-height-default elementor-section elementor-top-section\" data-id=\"20e4a63\" data-element_type=\"section\" data-settings=\"{&quot;stretch_section&quot;:&quot;section-stretched&quot;}\">\n\t\t\t\t\t\t<div class=\"elementor-container elementor-column-gap-default\">\n\t\t\t\t<div class=\"elementor-row\">\n\t\t\t\t<div class=\"elementor-element elementor-element-ae1906e elementor-column elementor-col-33 elementor-top-column\" data-id=\"ae1906e\" data-element_type=\"column\" data-settings=\"{&quot;background_background&quot;:&quot;classic&quot;}\">\n\t\t\t<div class=\"elementor-column-wrap  elementor-element-populated\">\n\t\t\t\t\t<div class=\"elementor-widget-wrap\">\n\t\t\t\t<div class=\"elementor-element elementor-element-99edc44 elementor-invisible elementor-widget elementor-widget-heading\" data-id=\"99edc44\" data-element_type=\"widget\" data-settings=\"{&quot;_animation&quot;:&quot;none&quot;,&quot;_animation_delay&quot;:200}\" data-widget_type=\"heading.default\">\n\t\t\t\t<div class=\"elementor-widget-container\">\n\t\t\t<h3 class=\"elementor-heading-title elementor-size-default\">APT Polfil Sp. z o.o.<\/h3>\t\t<\/div>\n\t\t\t\t<\/div>\n\t\t\t\t<div class=\"elementor-element elementor-element-c37f296 elementor-widget elementor-widget-shortcode\" data-id=\"c37f296\" data-element_type=\"widget\" data-widget_type=\"shortcode.default\">\n\t\t\t\t<div class=\"elementor-widget-container\">\n\t\t\t\t\t<div class=\"elementor-shortcode\">\t\t<div data-elementor-type=\"wp-post\" data-elementor-id=\"25488\" class=\"elementor elementor-25488\" data-elementor-settings=\"[]\">\n\t\t\t<div class=\"elementor-inner\">\n\t\t\t\t<div class=\"elementor-section-wrap\">\n\t\t\t\t\t\t\t<section class=\"elementor-element elementor-element-508ffd3 elementor-section-boxed elementor-section-height-default elementor-section-height-default elementor-section elementor-top-section\" data-id=\"508ffd3\" data-element_type=\"section\">\n\t\t\t\t\t\t<div class=\"elementor-container elementor-column-gap-default\">\n\t\t\t\t<div class=\"elementor-row\">\n\t\t\t\t<div class=\"elementor-element elementor-element-c252656 elementor-column elementor-col-100 elementor-top-column\" data-id=\"c252656\" data-element_type=\"column\">\n\t\t\t<div class=\"elementor-column-wrap  elementor-element-populated\">\n\t\t\t\t\t<div class=\"elementor-widget-wrap\">\n\t\t\t\t<div class=\"elementor-element elementor-element-57f749a animated none elementor-widget elementor-widget-radiant-contact_box\" data-id=\"57f749a\" data-element_type=\"widget\" data-widget_type=\"radiant-contact_box.default\">\n\t\t\t\t<div class=\"elementor-widget-container\">\n\t\t\t<div class=\"radiantthemes-contact-box element-two none\" ><ul class=\"contact\"><li class=\"address\"><i aria-hidden=\"true\" class=\"far fa-map\"><\/i>  81-874 Sopot ul. M. Reja 13\/15 lok. 729<\/li><li class=\"email\"><i class=\"fa fa-envelope\"><\/i><a href=\"mailto:biuro@aptpolfil.pl?subject=zapytanie ze strony\">biuro@aptpolfil.pl<\/a><\/li><li class=\"phone\"><i class=\"fa fa-phone\"><\/i><a href=\"tel:+48535451998\">+48 535 451 998<\/a><\/li><\/ul><\/div>\t\t<\/div>\n\t\t\t\t<\/div>\n\t\t\t\t\t\t<\/div>\n\t\t\t<\/div>\n\t\t<\/div>\n\t\t\t\t\t\t<\/div>\n\t\t\t<\/div>\n\t\t<\/section>\n\t\t\t\t\t\t<\/div>\n\t\t\t<\/div>\n\t\t<\/div>\n\t\t<\/div>\n\t\t\t\t<\/div>\n\t\t\t\t<\/div>\n\t\t\t\t\t\t<\/div>\n\t\t\t<\/div>\n\t\t<\/div>\n\t\t\t\t<div class=\"elementor-element elementor-element-e20c5b1 elementor-column elementor-col-33 elementor-top-column\" data-id=\"e20c5b1\" data-element_type=\"column\">\n\t\t\t<div class=\"elementor-column-wrap\">\n\t\t\t\t\t<div class=\"elementor-widget-wrap\">\n\t\t\t\t\t\t<\/div>\n\t\t\t<\/div>\n\t\t<\/div>\n\t\t\t\t<div class=\"elementor-element elementor-element-b4b4868 animated-fast elementor-invisible elementor-column elementor-col-33 elementor-top-column\" data-id=\"b4b4868\" data-element_type=\"column\" data-settings=\"{&quot;animation&quot;:&quot;slideInLeft&quot;,&quot;animation_delay&quot;:100}\">\n\t\t\t<div class=\"elementor-column-wrap  elementor-element-populated\">\n\t\t\t\t\t<div class=\"elementor-widget-wrap\">\n\t\t\t\t<div class=\"elementor-element elementor-element-685b9b7 elementor-widget elementor-widget-heading\" data-id=\"685b9b7\" data-element_type=\"widget\" data-widget_type=\"heading.default\">\n\t\t\t\t<div class=\"elementor-widget-container\">\n\t\t\t<h2 class=\"elementor-heading-title elementor-size-default\">Contact form<\/h2>\t\t<\/div>\n\t\t\t\t<\/div>\n\t\t\t\t<div class=\"elementor-element elementor-element-b9a4eea elementor-widget elementor-widget-radiant-separator\" data-id=\"b9a4eea\" data-element_type=\"widget\" data-widget_type=\"radiant-separator.default\">\n\t\t\t\t<div class=\"elementor-widget-container\">\n\t\t\t<div class=\"radiantthemes-separator element-one text-left\"><div class=\"radiantthemes-separator-block\" style=\"width: 350px; height: 4px;\"><div class=\"radiantthemes-separator-block-gap\"><\/div><\/div><\/div>\t\t<\/div>\n\t\t\t\t<\/div>\n\t\t\t\t<div class=\"elementor-element elementor-element-6c11fc6 elementor-widget elementor-widget-radiant-cf7\" data-id=\"6c11fc6\" data-element_type=\"widget\" data-widget_type=\"radiant-cf7.default\">\n\t\t\t\t<div class=\"elementor-widget-container\">\n\t\t\t<div class=\"radiant-contact-form element-one\"><div role=\"form\" class=\"wpcf7\" id=\"wpcf7-f25434-o1\" lang=\"pl-PL\" dir=\"ltr\">\n<div class=\"screen-reader-response\"><\/div>\n<form action=\"\/en\/wp-json\/wp\/v2\/pages\/25435#wpcf7-f25434-o1\" method=\"post\" class=\"wpcf7-form\" novalidate=\"novalidate\" data-trp-original-action=\"\/en\/wp-json\/wp\/v2\/pages\/25435#wpcf7-f25434-o1\">\n<div style=\"display: none;\">\n<input type=\"hidden\" name=\"_wpcf7\" value=\"25434\" \/>\n<input type=\"hidden\" name=\"_wpcf7_version\" value=\"5.1.6\" \/>\n<input type=\"hidden\" name=\"_wpcf7_locale\" value=\"pl_PL\" \/>\n<input type=\"hidden\" name=\"_wpcf7_unit_tag\" value=\"wpcf7-f25434-o1\" \/>\n<input type=\"hidden\" name=\"_wpcf7_container_post\" value=\"0\" \/>\n<input type=\"hidden\" name=\"g-recaptcha-response\" value=\"\" \/>\n<\/div>\n<div class=\"home-two-contact-form\">\n<div class=\"row\">\n<div class=\"col-lg-12 col-md-12 col-sm-12 col-xs-12\">\n<div class=\"form-row\"><span class=\"wpcf7-form-control-wrap customer-name\"><input type=\"text\" name=\"customer-name\" value=\"\" size=\"40\" class=\"wpcf7-form-control wpcf7-text wpcf7-validates-as-required\" aria-required=\"true\" aria-invalid=\"false\" placeholder=\"First and last name (*)\" \/><\/span><\/div>\n<\/p><\/div>\n<div class=\"col-lg-12 col-md-12 col-sm-12 col-xs-12\">\n<div class=\"form-row\"><span class=\"wpcf7-form-control-wrap customer-email\"><input type=\"email\" name=\"customer-email\" value=\"\" size=\"40\" class=\"wpcf7-form-control wpcf7-text wpcf7-email wpcf7-validates-as-required wpcf7-validates-as-email\" aria-required=\"true\" aria-invalid=\"false\" placeholder=\"Email address (*)\" \/><\/span><\/div>\n<\/p><\/div>\n<div class=\"col-lg-12 col-md-12 col-sm-12 col-xs-12\">\n<div class=\"form-row\"><span class=\"wpcf7-form-control-wrap customer-message\"><textarea name=\"customer-message\" cols=\"40\" rows=\"10\" class=\"wpcf7-form-control wpcf7-textarea wpcf7-validates-as-required\" aria-required=\"true\" aria-invalid=\"false\" placeholder=\"Message (*)\"><\/textarea><\/span><\/div>\n<\/p><\/div>\n<div class=\"col-lg-12 col-md-12 col-sm-12 col-xs-12 translation-block\"><small>This website is protected using reCAPTCHA mechanism and the following <a href=\"https:\/\/policies.google.com\/privacy\" target=\"_self\">Privacy Policy<\/a> and <a href=\"https:\/\/policies.google.com\/terms\" target=\"_self\">Terms of Use<\/a> of Google apply.<\/small><\/div>\n<div class=\"col-lg-12 col-md-12 col-sm-12 col-xs-12\">\n<div class=\"form-row submit-btn\"><input type=\"submit\" value=\"Send\" class=\"wpcf7-form-control wpcf7-submit\" \/><\/div>\n<\/p><\/div>\n<\/p><\/div>\n<\/div>\n<div class=\"wpcf7-response-output wpcf7-display-none\"><\/div><input type=\"hidden\" name=\"trp-form-language\" value=\"en\"\/><\/form><\/div><div class=\"clearfix\"><\/div><\/div>\t\t<\/div>\n\t\t\t\t<\/div>\n\t\t\t\t\t\t<\/div>\n\t\t\t<\/div>\n\t\t<\/div>\n\t\t\t\t\t\t<\/div>\n\t\t\t<\/div>\n\t\t<\/section>\n\t\t\t\t\t\t<\/div>\n\t\t\t<\/div>\n\t\t<\/div>","protected":false},"excerpt":{"rendered":"<p>APT Polfil Sp. z o.o. Formularz kontaktowy Ta strona jest chroniona przez mechanizm reCAPTCHA i obowi\u0105zuje Polityka Prywatno\u015bci oraz Warunki \u015awiadczenia Us\u0142ug firmy Google.<\/p>","protected":false},"author":1,"featured_media":24662,"parent":0,"menu_order":0,"comment_status":"closed","ping_status":"closed","template":"elementor_header_footer","meta":[],"_links":{"self":[{"href":"https:\/\/aptpolfil.pl\/en\/wp-json\/wp\/v2\/pages\/25435"}],"collection":[{"href":"https:\/\/aptpolfil.pl\/en\/wp-json\/wp\/v2\/pages"}],"about":[{"href":"https:\/\/aptpolfil.pl\/en\/wp-json\/wp\/v2\/types\/page"}],"author":[{"embeddable":true,"href":"https:\/\/aptpolfil.pl\/en\/wp-json\/wp\/v2\/users\/1"}],"replies":[{"embeddable":true,"href":"https:\/\/aptpolfil.pl\/en\/wp-json\/wp\/v2\/comments?post=25435"}],"version-history":[{"count":36,"href":"https:\/\/aptpolfil.pl\/en\/wp-json\/wp\/v2\/pages\/25435\/revisions"}],"predecessor-version":[{"id":25584,"href":"https:\/\/aptpolfil.pl\/en\/wp-json\/wp\/v2\/pages\/25435\/revisions\/25584"}],"wp:featuredmedia":[{"embeddable":true,"href":"https:\/\/aptpolfil.pl\/en\/wp-json\/wp\/v2\/media\/24662"}],"wp:attachment":[{"href":"https:\/\/aptpolfil.pl\/en\/wp-json\/wp\/v2\/media?parent=25435"}],"curies":[{"name":"wp","href":"https:\/\/api.w.org\/{rel}","templated":true}]}}